{"id":23,"date":"2022-11-21T22:23:23","date_gmt":"2022-11-21T22:23:23","guid":{"rendered":"https:\/\/hosting.bluegrow.es\/contacto\/"},"modified":"2026-01-20T10:34:50","modified_gmt":"2026-01-20T10:34:50","slug":"contacto","status":"publish","type":"page","link":"https:\/\/dianarodriguezgarcia.com\/en\/contacto\/","title":{"rendered":"Contacto"},"content":{"rendered":"<style>.elementor-23 .elementor-element.elementor-element-2ef8c533 > .elementor-container{max-width:1170px;}.elementor-23 .elementor-element.elementor-element-2ef8c533:not(.elementor-motion-effects-element-type-background), .elementor-23 .elementor-element.elementor-element-2ef8c533 > .elementor-motion-effects-container > .elementor-motion-effects-layer{background-image:url(\"https:\/\/dianarodriguezgarcia.com\/wp-content\/uploads\/2025\/02\/attractive-girl-dancing-in-pointe-shoes-and-black-tutu-and-yellow-leather-jacket-in-studio-with.jpg\");background-position:0px 40%;background-repeat:no-repeat;background-size:cover;}.elementor-23 .elementor-element.elementor-element-2ef8c533 > .elementor-background-overlay{background-color:#000000;opacity:0.7;transition:background 0.3s, border-radius 0.3s, opacity 0.3s;}.elementor-23 .elementor-element.elementor-element-2ef8c533{transition:background 0.3s, border 0.3s, border-radius 0.3s, box-shadow 0.3s;margin-top:-84px;margin-bottom:0px;padding:204px 0px 120px 0px;z-index:0;}.elementor-23 .elementor-element.elementor-element-699d64c1{text-align:center;}.elementor-23 .elementor-element.elementor-element-699d64c1 .elementor-heading-title{font-family:var( --e-global-typography-49ca95e-font-family ), Sans-serif;font-size:var( --e-global-typography-49ca95e-font-size );font-weight:var( --e-global-typography-49ca95e-font-weight );text-transform:var( --e-global-typography-49ca95e-text-transform );line-height:var( --e-global-typography-49ca95e-line-height );letter-spacing:var( --e-global-typography-49ca95e-letter-spacing );word-spacing:var( --e-global-typography-49ca95e-word-spacing );color:#FFFFFF;}.elementor-23 .elementor-element.elementor-element-28d0efa8 > .elementor-container{max-width:1170px;}.elementor-23 .elementor-element.elementor-element-28d0efa8 > .elementor-container > .elementor-column > .elementor-widget-wrap{align-content:center;align-items:center;}.elementor-23 .elementor-element.elementor-element-28d0efa8:not(.elementor-motion-effects-element-type-background), .elementor-23 .elementor-element.elementor-element-28d0efa8 > .elementor-motion-effects-container > .elementor-motion-effects-layer{background-color:var( --e-global-color-b64ce4f );}.elementor-23 .elementor-element.elementor-element-28d0efa8{transition:background 0.3s, border 0.3s, border-radius 0.3s, box-shadow 0.3s;padding:100px 0px 0px 0px;}.elementor-23 .elementor-element.elementor-element-28d0efa8 > .elementor-background-overlay{transition:background 0.3s, border-radius 0.3s, opacity 0.3s;}.elementor-23 .elementor-element.elementor-element-61162eba > .elementor-element-populated{margin:-150px 20px 0px 0px;--e-column-margin-right:20px;--e-column-margin-left:0px;padding:80px 0px 80px 10px;}.elementor-23 .elementor-element.elementor-element-5c15fce4{text-align:start;}.elementor-23 .elementor-element.elementor-element-5c15fce4 .elementor-heading-title{font-family:var( --e-global-typography-secondary-font-family ), Sans-serif;font-size:var( --e-global-typography-secondary-font-size );font-weight:var( --e-global-typography-secondary-font-weight );text-transform:var( --e-global-typography-secondary-text-transform );line-height:var( --e-global-typography-secondary-line-height );color:var( --e-global-color-primary );}.elementor-23 .elementor-element.elementor-element-622207ed{text-align:start;font-family:var( --e-global-typography-text-font-family ), Sans-serif;font-size:var( --e-global-typography-text-font-size );font-weight:var( --e-global-typography-text-font-weight );text-transform:var( --e-global-typography-text-text-transform );line-height:var( --e-global-typography-text-line-height );color:var( --e-global-color-text );}.elementor-23 .elementor-element.elementor-element-622207ed > .elementor-widget-container{padding:0% 0% 0% 0%;}.elementor-23 .elementor-element.elementor-element-353f143d .elementor-icon-list-items:not(.elementor-inline-items) .elementor-icon-list-item:not(:last-child){padding-block-end:calc(10px\/2);}.elementor-23 .elementor-element.elementor-element-353f143d .elementor-icon-list-items:not(.elementor-inline-items) .elementor-icon-list-item:not(:first-child){margin-block-start:calc(10px\/2);}.elementor-23 .elementor-element.elementor-element-353f143d .elementor-icon-list-items.elementor-inline-items .elementor-icon-list-item{margin-inline:calc(10px\/2);}.elementor-23 .elementor-element.elementor-element-353f143d .elementor-icon-list-items.elementor-inline-items{margin-inline:calc(-10px\/2);}.elementor-23 .elementor-element.elementor-element-353f143d .elementor-icon-list-items.elementor-inline-items .elementor-icon-list-item:after{inset-inline-end:calc(-10px\/2);}.elementor-23 .elementor-element.elementor-element-353f143d .elementor-icon-list-icon i{color:var( --e-global-color-accent );transition:color 0.3s;}.elementor-23 .elementor-element.elementor-element-353f143d .elementor-icon-list-icon svg{fill:var( --e-global-color-accent );transition:fill 0.3s;}.elementor-23 .elementor-element.elementor-element-353f143d{--e-icon-list-icon-size:14px;--icon-vertical-offset:0px;}.elementor-23 .elementor-element.elementor-element-353f143d .elementor-icon-list-item > .elementor-icon-list-text, .elementor-23 .elementor-element.elementor-element-353f143d .elementor-icon-list-item > a{font-family:var( --e-global-typography-text-font-family ), Sans-serif;font-size:var( --e-global-typography-text-font-size );font-weight:var( --e-global-typography-text-font-weight );text-transform:var( --e-global-typography-text-text-transform );line-height:var( --e-global-typography-text-line-height );}.elementor-23 .elementor-element.elementor-element-353f143d .elementor-icon-list-text{color:var( --e-global-color-text );transition:color 0.3s;}.elementor-23 .elementor-element.elementor-element-353f143d .elementor-icon-list-item:hover .elementor-icon-list-text{color:var( --e-global-color-secondary );}.elementor-23 .elementor-element.elementor-element-1a67e7be > .elementor-element-populated{margin:0px 0px 0px 0px;--e-column-margin-right:0px;--e-column-margin-left:0px;}.elementor-23 .elementor-element.elementor-element-1a67e7be{z-index:2;}.elementor-23 .elementor-element.elementor-element-4bc933c .elementor-field-group{padding-right:calc( 10px\/2 );padding-left:calc( 10px\/2 );margin-bottom:10px;}.elementor-23 .elementor-element.elementor-element-4bc933c .elementor-form-fields-wrapper{margin-left:calc( -10px\/2 );margin-right:calc( -10px\/2 );margin-bottom:-10px;}.elementor-23 .elementor-element.elementor-element-4bc933c .elementor-field-group.recaptcha_v3-bottomleft, .elementor-23 .elementor-element.elementor-element-4bc933c .elementor-field-group.recaptcha_v3-bottomright{margin-bottom:0;}body.rtl .elementor-23 .elementor-element.elementor-element-4bc933c .elementor-labels-inline .elementor-field-group > label{padding-left:0px;}body:not(.rtl) .elementor-23 .elementor-element.elementor-element-4bc933c .elementor-labels-inline .elementor-field-group > label{padding-right:0px;}body .elementor-23 .elementor-element.elementor-element-4bc933c .elementor-labels-above .elementor-field-group > label{padding-bottom:0px;}.elementor-23 .elementor-element.elementor-element-4bc933c .elementor-field-type-html{padding-bottom:0px;}.elementor-23 .elementor-element.elementor-element-4bc933c .elementor-field-group .elementor-field{color:#FFFFFF;}.elementor-23 .elementor-element.elementor-element-4bc933c .elementor-field-group .elementor-field:not(.elementor-select-wrapper){background-color:#002B61;border-width:1px 1px 1px 1px;border-radius:5px 5px 5px 5px;}.elementor-23 .elementor-element.elementor-element-4bc933c .elementor-field-group .elementor-select-wrapper select{background-color:#002B61;border-width:1px 1px 1px 1px;border-radius:5px 5px 5px 5px;}.elementor-23 .elementor-element.elementor-element-4bc933c .e-form__buttons__wrapper__button-next{color:#ffffff;}.elementor-23 .elementor-element.elementor-element-4bc933c .elementor-button[type=\"submit\"]{color:#ffffff;}.elementor-23 .elementor-element.elementor-element-4bc933c .elementor-button[type=\"submit\"] svg *{fill:#ffffff;}.elementor-23 .elementor-element.elementor-element-4bc933c .e-form__buttons__wrapper__button-previous{color:#ffffff;}.elementor-23 .elementor-element.elementor-element-4bc933c .e-form__buttons__wrapper__button-next:hover{color:#ffffff;}.elementor-23 .elementor-element.elementor-element-4bc933c .elementor-button[type=\"submit\"]:hover{color:#ffffff;}.elementor-23 .elementor-element.elementor-element-4bc933c .elementor-button[type=\"submit\"]:hover svg *{fill:#ffffff;}.elementor-23 .elementor-element.elementor-element-4bc933c .e-form__buttons__wrapper__button-previous:hover{color:#ffffff;}.elementor-23 .elementor-element.elementor-element-4bc933c .elementor-button{border-radius:5px 5px 5px 5px;}.elementor-23 .elementor-element.elementor-element-4bc933c{--e-form-steps-indicators-spacing:20px;--e-form-steps-indicator-padding:30px;--e-form-steps-indicator-inactive-secondary-color:#ffffff;--e-form-steps-indicator-active-secondary-color:#ffffff;--e-form-steps-indicator-completed-secondary-color:#ffffff;--e-form-steps-divider-width:1px;--e-form-steps-divider-gap:10px;}.elementor-23 .elementor-element.elementor-element-4bc933c > .elementor-widget-container{margin:-50px 0px 25px 0px;}.elementor-23 .elementor-element.elementor-element-4bf63d8f{padding:0px 0px 0px 0px;}.elementor-23 .elementor-element.elementor-element-5479fe6d iframe{height:450px;}.elementor-23 .elementor-element.elementor-element-5479fe6d > .elementor-widget-container{padding:0px 0px 0px 0px;}:root{--page-title-display:none;}body.elementor-page-23:not(.elementor-motion-effects-element-type-background), body.elementor-page-23 > .elementor-motion-effects-container > .elementor-motion-effects-layer{background-color:var( --e-global-color-b64ce4f );}@media(max-width:1024px){.elementor-23 .elementor-element.elementor-element-2ef8c533:not(.elementor-motion-effects-element-type-background), .elementor-23 .elementor-element.elementor-element-2ef8c533 > .elementor-motion-effects-container > .elementor-motion-effects-layer{background-position:center center;}.elementor-23 .elementor-element.elementor-element-2ef8c533{margin-top:-60px;margin-bottom:0px;padding:160px 0px 120px 0px;}.elementor-23 .elementor-element.elementor-element-699d64c1 .elementor-heading-title{font-size:var( --e-global-typography-49ca95e-font-size );line-height:var( --e-global-typography-49ca95e-line-height );letter-spacing:var( --e-global-typography-49ca95e-letter-spacing );word-spacing:var( --e-global-typography-49ca95e-word-spacing );}.elementor-23 .elementor-element.elementor-element-28d0efa8{padding:60px 10px 40px 10px;}.elementor-23 .elementor-element.elementor-element-5c15fce4 .elementor-heading-title{font-size:var( --e-global-typography-secondary-font-size );line-height:var( --e-global-typography-secondary-line-height );}.elementor-23 .elementor-element.elementor-element-622207ed{font-size:var( --e-global-typography-text-font-size );line-height:var( --e-global-typography-text-line-height );}.elementor-23 .elementor-element.elementor-element-622207ed > .elementor-widget-container{padding:0% 0% 0% 0%;}.elementor-23 .elementor-element.elementor-element-353f143d .elementor-icon-list-item > .elementor-icon-list-text, .elementor-23 .elementor-element.elementor-element-353f143d .elementor-icon-list-item > a{font-size:var( --e-global-typography-text-font-size );line-height:var( --e-global-typography-text-line-height );}}@media(max-width:767px){.elementor-23 .elementor-element.elementor-element-2ef8c533{margin-top:-18%;margin-bottom:0%;padding:135px 10px 80px 10px;}.elementor-23 .elementor-element.elementor-element-699d64c1 .elementor-heading-title{font-size:var( --e-global-typography-49ca95e-font-size );line-height:var( --e-global-typography-49ca95e-line-height );letter-spacing:var( --e-global-typography-49ca95e-letter-spacing );word-spacing:var( --e-global-typography-49ca95e-word-spacing );}.elementor-23 .elementor-element.elementor-element-28d0efa8{padding:40px 10px 0px 10px;}.elementor-23 .elementor-element.elementor-element-61162eba > .elementor-element-populated{padding:10px 10px 10px 10px;}.elementor-23 .elementor-element.elementor-element-5c15fce4{text-align:start;}.elementor-23 .elementor-element.elementor-element-5c15fce4 .elementor-heading-title{font-size:var( --e-global-typography-secondary-font-size );line-height:var( --e-global-typography-secondary-line-height );}.elementor-23 .elementor-element.elementor-element-622207ed{font-size:var( --e-global-typography-text-font-size );line-height:var( --e-global-typography-text-line-height );}.elementor-23 .elementor-element.elementor-element-622207ed > .elementor-widget-container{margin:0px 0px 0px 0px;padding:0px 0px 0px 0px;}.elementor-23 .elementor-element.elementor-element-353f143d .elementor-icon-list-item > .elementor-icon-list-text, .elementor-23 .elementor-element.elementor-element-353f143d .elementor-icon-list-item > a{font-size:var( --e-global-typography-text-font-size );line-height:var( --e-global-typography-text-line-height );}.elementor-23 .elementor-element.elementor-element-1a67e7be > .elementor-element-populated{margin:10px 0px -80px 0px;--e-column-margin-right:0px;--e-column-margin-left:0px;padding:10px 10px 10px 10px;}}<\/style>\t\t<div data-elementor-type=\"wp-page\" data-elementor-id=\"23\" class=\"elementor elementor-23\" data-elementor-post-type=\"page\">\n\t\t\t\t\t\t<section class=\"elementor-section elementor-top-section elementor-element elementor-element-2ef8c533 elementor-section-boxed elementor-section-height-default elementor-section-height-default\" data-id=\"2ef8c533\" data-element_type=\"section\" data-e-type=\"section\" data-settings=\"{&quot;background_background&quot;:&quot;classic&quot;}\">\n\t\t\t\t\t\t\t<div class=\"elementor-background-overlay\"><\/div>\n\t\t\t\t\t\t\t<div class=\"elementor-container elementor-column-gap-default\">\n\t\t\t\t\t<div class=\"elementor-column elementor-col-100 elementor-top-column elementor-element elementor-element-69edea95\" data-id=\"69edea95\" data-element_type=\"column\" data-e-type=\"column\">\n\t\t\t<div class=\"elementor-widget-wrap elementor-element-populated\">\n\t\t\t\t\t\t<div class=\"elementor-element elementor-element-699d64c1 animated-slow elementor-invisible elementor-widget elementor-widget-heading\" data-id=\"699d64c1\" data-element_type=\"widget\" data-e-type=\"widget\" data-settings=\"{&quot;_animation&quot;:&quot;fadeInLeft&quot;}\" data-widget_type=\"heading.default\">\n\t\t\t\t<div class=\"elementor-widget-container\">\n\t\t\t\t\t<h1 class=\"elementor-heading-title elementor-size-default\">Contacta con nosotros<\/h1>\t\t\t\t<\/div>\n\t\t\t\t<\/div>\n\t\t\t\t\t<\/div>\n\t\t<\/div>\n\t\t\t\t\t<\/div>\n\t\t<\/section>\n\t\t\t\t<section class=\"elementor-section elementor-top-section elementor-element elementor-element-28d0efa8 elementor-section-content-middle elementor-section-boxed elementor-section-height-default elementor-section-height-default\" data-id=\"28d0efa8\" data-element_type=\"section\" data-e-type=\"section\" data-settings=\"{&quot;background_background&quot;:&quot;classic&quot;}\">\n\t\t\t\t\t\t<div class=\"elementor-container elementor-column-gap-default\">\n\t\t\t\t\t<div class=\"elementor-column elementor-col-50 elementor-top-column elementor-element elementor-element-61162eba\" data-id=\"61162eba\" data-element_type=\"column\" data-e-type=\"column\">\n\t\t\t<div class=\"elementor-widget-wrap elementor-element-populated\">\n\t\t\t\t\t\t<div class=\"elementor-element elementor-element-5c15fce4 elementor-widget elementor-widget-heading\" data-id=\"5c15fce4\" data-element_type=\"widget\" data-e-type=\"widget\" data-widget_type=\"heading.default\">\n\t\t\t\t<div class=\"elementor-widget-container\">\n\t\t\t\t\t<h2 class=\"elementor-heading-title elementor-size-default\">\u00a1Con\u00e9ctate con Nosotros y Empieza a Bailar! <\/h2>\t\t\t\t<\/div>\n\t\t\t\t<\/div>\n\t\t\t\t<div class=\"elementor-element elementor-element-622207ed elementor-widget elementor-widget-text-editor\" data-id=\"622207ed\" data-element_type=\"widget\" data-e-type=\"widget\" data-widget_type=\"text-editor.default\">\n\t\t\t\t<div class=\"elementor-widget-container\">\n\t\t\t\t\t\t\t\t\t<p>\u00bfListo para dar el primer paso? Nuestras clases presenciales est\u00e1n dise\u00f1adas para que disfrutes del baile al m\u00e1ximo, sin importar tu nivel. Escr\u00edbenos o vis\u00edtanos y comienza tu viaje en el mundo de la danza.<\/p>\t\t\t\t\t\t\t\t<\/div>\n\t\t\t\t<\/div>\n\t\t\t\t<div class=\"elementor-element elementor-element-353f143d elementor-icon-list--layout-traditional elementor-list-item-link-full_width elementor-widget elementor-widget-icon-list\" data-id=\"353f143d\" data-element_type=\"widget\" data-e-type=\"widget\" data-widget_type=\"icon-list.default\">\n\t\t\t\t<div class=\"elementor-widget-container\">\n\t\t\t\t\t\t\t<ul class=\"elementor-icon-list-items\">\n\t\t\t\t\t\t\t<li class=\"elementor-icon-list-item\">\n\t\t\t\t\t\t\t\t\t\t\t<span class=\"elementor-icon-list-icon\">\n\t\t\t\t\t\t\t<i aria-hidden=\"true\" class=\"fas fa-phone-alt\"><\/i>\t\t\t\t\t\t<\/span>\n\t\t\t\t\t\t\t\t\t\t<span class=\"elementor-icon-list-text\">+34 636 906 065<\/span>\n\t\t\t\t\t\t\t\t\t<\/li>\n\t\t\t\t\t\t\t\t<li class=\"elementor-icon-list-item\">\n\t\t\t\t\t\t\t\t\t\t\t<span class=\"elementor-icon-list-icon\">\n\t\t\t\t\t\t\t<i aria-hidden=\"true\" class=\"fas fa-envelope\"><\/i>\t\t\t\t\t\t<\/span>\n\t\t\t\t\t\t\t\t\t\t<span class=\"elementor-icon-list-text\">miquelangelomoreno25@hotmail.com<\/span>\n\t\t\t\t\t\t\t\t\t<\/li>\n\t\t\t\t\t\t\t\t<li class=\"elementor-icon-list-item\">\n\t\t\t\t\t\t\t\t\t\t\t<span class=\"elementor-icon-list-icon\">\n\t\t\t\t\t\t\t<i aria-hidden=\"true\" class=\"fas fa-map-marker-alt\"><\/i>\t\t\t\t\t\t<\/span>\n\t\t\t\t\t\t\t\t\t\t<span class=\"elementor-icon-list-text\">Av. Francia 19-4b, Valencia, Espa\u00f1a<\/span>\n\t\t\t\t\t\t\t\t\t<\/li>\n\t\t\t\t\t\t<\/ul>\n\t\t\t\t\t\t<\/div>\n\t\t\t\t<\/div>\n\t\t\t\t\t<\/div>\n\t\t<\/div>\n\t\t\t\t<div class=\"elementor-column elementor-col-50 elementor-top-column elementor-element elementor-element-1a67e7be\" data-id=\"1a67e7be\" data-element_type=\"column\" data-e-type=\"column\">\n\t\t\t<div class=\"elementor-widget-wrap elementor-element-populated\">\n\t\t\t\t\t\t<div class=\"elementor-element elementor-element-4bc933c elementor-button-align-stretch elementor-widget elementor-widget-form\" data-id=\"4bc933c\" data-element_type=\"widget\" data-e-type=\"widget\" data-settings=\"{&quot;step_next_label&quot;:&quot;Siguiente&quot;,&quot;step_previous_label&quot;:&quot;Anterior&quot;,&quot;button_width&quot;:&quot;100&quot;,&quot;step_type&quot;:&quot;number_text&quot;,&quot;step_icon_shape&quot;:&quot;circle&quot;}\" data-widget_type=\"form.default\">\n\t\t\t\t<div class=\"elementor-widget-container\">\n\t\t\t\t\t\t\t<form class=\"elementor-form\" method=\"post\" name=\"Nuevo formulario\" aria-label=\"Nuevo formulario\">\n\t\t\t<input type=\"hidden\" name=\"post_id\" value=\"23\"\/>\n\t\t\t<input type=\"hidden\" name=\"form_id\" value=\"4bc933c\"\/>\n\t\t\t<input type=\"hidden\" name=\"referer_title\" value=\"Contacto - Diana Rodriguez\" \/>\n\n\t\t\t\t\t\t\t<input type=\"hidden\" name=\"queried_id\" value=\"23\"\/>\n\t\t\t\n\t\t\t<div class=\"elementor-form-fields-wrapper elementor-labels-above\">\n\t\t\t\t\t\t\t\t<div class=\"elementor-field-type-text elementor-field-group elementor-column elementor-field-group-name elementor-col-100\">\n\t\t\t\t\t\t\t\t\t\t\t\t\t<input size=\"1\" type=\"text\" name=\"form_fields[name]\" id=\"form-field-name\" class=\"elementor-field elementor-size-sm  elementor-field-textual\" placeholder=\"Nombre\">\n\t\t\t\t\t\t\t\t\t\t\t<\/div>\n\t\t\t\t\t\t\t\t<div class=\"elementor-field-type-email elementor-field-group elementor-column elementor-field-group-email elementor-col-100 elementor-field-required\">\n\t\t\t\t\t\t\t\t\t\t\t\t\t<input size=\"1\" type=\"email\" name=\"form_fields[email]\" id=\"form-field-email\" class=\"elementor-field elementor-size-sm  elementor-field-textual\" placeholder=\"Correo electr\u00f3nico\" required=\"required\">\n\t\t\t\t\t\t\t\t\t\t\t<\/div>\n\t\t\t\t\t\t\t\t<div class=\"elementor-field-type-textarea elementor-field-group elementor-column elementor-field-group-message elementor-col-100\">\n\t\t\t\t\t<textarea class=\"elementor-field-textual elementor-field  elementor-size-sm\" name=\"form_fields[message]\" id=\"form-field-message\" rows=\"4\" placeholder=\"Mensaje\"><\/textarea>\t\t\t\t<\/div>\n\t\t\t\t\t\t\t\t<div class=\"elementor-field-type-acceptance elementor-field-group elementor-column elementor-field-group-field_1dd8aa6 elementor-col-100\">\n\t\t\t\t\t\t\t<div class=\"elementor-field-subgroup\">\n\t\t\t<span class=\"elementor-field-option\">\n\t\t\t\t<input type=\"checkbox\" name=\"form_fields[field_1dd8aa6]\" id=\"form-field-field_1dd8aa6\" class=\"elementor-field elementor-size-sm  elementor-acceptance-field\">\n\t\t\t\t<label for=\"form-field-field_1dd8aa6\">He le\u00eddo y acepto la <a href=\"\" >Pol\u00edtica de Privacidad y los T\u00e9rminos y Condiciones<\/a>.\n\n<\/label>\t\t\t<\/span>\n\t\t<\/div>\n\t\t\t\t\t\t<\/div>\n\t\t\t\t\t\t\t\t<div class=\"elementor-field-group elementor-column elementor-field-type-submit elementor-col-100 e-form__buttons\">\n\t\t\t\t\t<button class=\"elementor-button elementor-size-sm\" type=\"submit\">\n\t\t\t\t\t\t<span class=\"elementor-button-content-wrapper\">\n\t\t\t\t\t\t\t\t\t\t\t\t\t\t\t\t\t\t\t\t\t\t<span class=\"elementor-button-text\">Enviar<\/span>\n\t\t\t\t\t\t\t\t\t\t\t\t\t<\/span>\n\t\t\t\t\t<\/button>\n\t\t\t\t<\/div>\n\t\t\t<\/div>\n\t\t<\/form>\n\t\t\t\t\t\t<\/div>\n\t\t\t\t<\/div>\n\t\t\t\t\t<\/div>\n\t\t<\/div>\n\t\t\t\t\t<\/div>\n\t\t<\/section>\n\t\t\t\t<section class=\"elementor-section elementor-top-section elementor-element elementor-element-4bf63d8f elementor-section-full_width elementor-section-height-default elementor-section-height-default\" data-id=\"4bf63d8f\" data-element_type=\"section\" data-e-type=\"section\">\n\t\t\t\t\t\t<div class=\"elementor-container elementor-column-gap-no\">\n\t\t\t\t\t<div class=\"elementor-column elementor-col-100 elementor-top-column elementor-element elementor-element-4713d8d8\" data-id=\"4713d8d8\" data-element_type=\"column\" data-e-type=\"column\">\n\t\t\t<div class=\"elementor-widget-wrap elementor-element-populated\">\n\t\t\t\t\t\t<div class=\"elementor-element elementor-element-5479fe6d elementor-widget elementor-widget-google_maps\" data-id=\"5479fe6d\" data-element_type=\"widget\" data-e-type=\"widget\" data-widget_type=\"google_maps.default\">\n\t\t\t\t<div class=\"elementor-widget-container\">\n\t\t\t\t\t\t\t<div class=\"elementor-custom-embed\">\n\t\t\t<iframe loading=\"lazy\"\n\t\t\t\t\tsrc=\"https:\/\/maps.google.com\/maps?q=Av.%20Francia%2019-4b%2C%20Valencia%2C%20Espa%C3%B1a%E2%80%8B&#038;t=m&#038;z=18&#038;output=embed&#038;iwloc=near\"\n\t\t\t\t\ttitle=\"Av. Francia 19-4b, Valencia, Espa\u00f1a\u200b\"\n\t\t\t\t\taria-label=\"Av. Francia 19-4b, Valencia, Espa\u00f1a\u200b\"\n\t\t\t><\/iframe>\n\t\t<\/div>\n\t\t\t\t\t\t<\/div>\n\t\t\t\t<\/div>\n\t\t\t\t\t<\/div>\n\t\t<\/div>\n\t\t\t\t\t<\/div>\n\t\t<\/section>\n\t\t\t\t<\/div>\n\t\t","protected":false},"excerpt":{"rendered":"<p>Contacta con nosotros \u00a1Con\u00e9ctate con Nosotros y Empieza a Bailar! \u00bfListo para dar el primer paso? Nuestras clases presenciales est\u00e1n dise\u00f1adas para que disfrutes del baile al m\u00e1ximo, sin importar tu nivel. Escr\u00edbenos o vis\u00edtanos y comienza tu viaje en el mundo de la danza. +34 636 906 065 miquelangelomoreno25@hotmail.com Av. Francia 19-4b, Valencia, Espa\u00f1a<\/p>","protected":false},"author":2,"featured_media":0,"parent":0,"menu_order":2,"comment_status":"closed","ping_status":"closed","template":"","meta":{"_joinchat":[],"footnotes":""},"class_list":["post-23","page","type-page","status-publish","hentry"],"_links":{"self":[{"href":"https:\/\/dianarodriguezgarcia.com\/en\/wp-json\/wp\/v2\/pages\/23","targetHints":{"allow":["GET"]}}],"collection":[{"href":"https:\/\/dianarodriguezgarcia.com\/en\/wp-json\/wp\/v2\/pages"}],"about":[{"href":"https:\/\/dianarodriguezgarcia.com\/en\/wp-json\/wp\/v2\/types\/page"}],"author":[{"embeddable":true,"href":"https:\/\/dianarodriguezgarcia.com\/en\/wp-json\/wp\/v2\/users\/2"}],"replies":[{"embeddable":true,"href":"https:\/\/dianarodriguezgarcia.com\/en\/wp-json\/wp\/v2\/comments?post=23"}],"version-history":[{"count":5,"href":"https:\/\/dianarodriguezgarcia.com\/en\/wp-json\/wp\/v2\/pages\/23\/revisions"}],"predecessor-version":[{"id":21786,"href":"https:\/\/dianarodriguezgarcia.com\/en\/wp-json\/wp\/v2\/pages\/23\/revisions\/21786"}],"wp:attachment":[{"href":"https:\/\/dianarodriguezgarcia.com\/en\/wp-json\/wp\/v2\/media?parent=23"}],"curies":[{"name":"wp","href":"https:\/\/api.w.org\/{rel}","templated":true}]}}